{"id":596,"date":"2022-02-11T14:13:12","date_gmt":"2022-02-11T13:13:12","guid":{"rendered":"https:\/\/ava-tourcoing.eu\/?page_id=596"},"modified":"2022-02-11T17:05:53","modified_gmt":"2022-02-11T16:05:53","slug":"politiques-de-confidentialite","status":"publish","type":"page","link":"https:\/\/ava-tourcoing.eu\/index.php\/politiques-de-confidentialite\/","title":{"rendered":"Politiques de confidentialit\u00e9"},"content":{"rendered":"\t\t<div data-elementor-type=\"wp-page\" data-elementor-id=\"596\" class=\"elementor elementor-596\" data-elementor-post-type=\"page\">\n\t\t\t\t\t\t<section class=\"elementor-section elementor-top-section elementor-element elementor-element-95fb026 elementor-section-boxed elementor-section-height-default elementor-section-height-default\" data-id=\"95fb026\" data-element_type=\"section\">\n\t\t\t\t\t\t<div class=\"elementor-container elementor-column-gap-default\">\n\t\t\t\t\t<div class=\"elementor-column elementor-col-66 elementor-top-column elementor-element elementor-element-40e3c87\" data-id=\"40e3c87\" data-element_type=\"column\">\n\t\t\t<div class=\"elementor-widget-wrap elementor-element-populated\">\n\t\t\t\t\t\t<div class=\"elementor-element elementor-element-d3ad9a0 elementor-widget elementor-widget-heading\" data-id=\"d3ad9a0\" data-element_type=\"widget\" data-widget_type=\"heading.default\">\n\t\t\t\t<div class=\"elementor-widget-container\">\n\t\t\t\t\t<h4 class=\"elementor-heading-title elementor-size-default\">POLITIQUE DE CONFIDENTIALIT\u00c9<\/h4>\t\t\t\t<\/div>\n\t\t\t\t<\/div>\n\t\t\t\t<div class=\"elementor-element elementor-element-2c6dc17 elementor-widget-divider--view-line elementor-widget elementor-widget-divider\" data-id=\"2c6dc17\" data-element_type=\"widget\" data-widget_type=\"divider.default\">\n\t\t\t\t<div class=\"elementor-widget-container\">\n\t\t\t\t\t\t\t<div class=\"elementor-divider\">\n\t\t\t<span class=\"elementor-divider-separator\">\n\t\t\t\t\t\t<\/span>\n\t\t<\/div>\n\t\t\t\t\t\t<\/div>\n\t\t\t\t<\/div>\n\t\t\t\t<div class=\"elementor-element elementor-element-a80a1aa elementor-widget elementor-widget-text-editor\" data-id=\"a80a1aa\" data-element_type=\"widget\" data-widget_type=\"text-editor.default\">\n\t\t\t\t<div class=\"elementor-widget-container\">\n\t\t\t\t\t\t\t\t\t<h5>\u00a0\u00a01 \u2013 D\u00c9FINITIONS<\/h5><p><br \/>Le Site : fait r\u00e9f\u00e9rence au site internet de l\u2019<a href=\"https:\/\/ava-tourcoing.eu\/\">AVA<\/a>, accessible \u00e0 l\u2019adresse suivante : <a href=\"https:\/\/ava-tourcoing.eu\/\">https:\/\/ava-tourcoing.eu\/<\/a>.<\/p><p>L\u2019Utilisateur : fait r\u00e9f\u00e9rence au visiteur du site internet de l\u2019<a href=\"https:\/\/ava-tourcoing.eu\/\">AVA<\/a>.<\/p><p>\u00a0<\/p><h5>2 \u2013 DONN\u00c9ES COLLECT\u00c9ES ET TRAIT\u00c9ES<\/h5><p><br \/>Conform\u00e9ment aux dispositions de l\u2019article 5 du R\u00e8glement Europ\u00e9en 2016\/679, la collecte et le traitement des donn\u00e9es des utilisateurs du Site respectent les principes suivants :<\/p><p>\u00a0<\/p><p>lic\u00e9it\u00e9, loyaut\u00e9 et transparence : les donn\u00e9es ne peuvent \u00eatre collect\u00e9es et trait\u00e9es qu\u2019avec le consentement de l\u2019utilisateur, propri\u00e9taire des donn\u00e9es. \u00c0 chaque fois que des donn\u00e9es \u00e0 caract\u00e8re personnel sont collect\u00e9es, il sera indiqu\u00e9 \u00e0 l\u2019Utilisateur que ses donn\u00e9es sont collect\u00e9es, et pour quelles raisons ses donn\u00e9es sont collect\u00e9es ;<br \/>finalit\u00e9s limit\u00e9es : la collecte et le traitement des donn\u00e9es sont ex\u00e9cut\u00e9s pour r\u00e9pondre \u00e0 un ou plusieurs objectifs d\u00e9termin\u00e9s dans les pr\u00e9sentes mentions ;<br \/>minimisation de la collecte et du traitement des donn\u00e9es : seules les donn\u00e9es n\u00e9cessaires \u00e0 la bonne ex\u00e9cution des objectifs poursuivis par le Site sont collect\u00e9es ;<br \/>conservation des donn\u00e9es r\u00e9duites dans le temps : les donn\u00e9es sont conserv\u00e9es pour une dur\u00e9e limit\u00e9e, dont l\u2019Utilisateur est inform\u00e9. Lorsque cette information ne peut \u00eatre communiqu\u00e9e, l\u2019Utilisateur est inform\u00e9 des crit\u00e8res utilis\u00e9s pour d\u00e9terminer la dur\u00e9e de conservation ;<br \/>int\u00e9grit\u00e9 et confidentialit\u00e9 des donn\u00e9es collect\u00e9es et trait\u00e9es : le responsable du traitement des donn\u00e9es s\u2019engage \u00e0 garantir l\u2019int\u00e9grit\u00e9 et la confidentialit\u00e9 des donn\u00e9es collect\u00e9es.<br \/>Afin d\u2019\u00eatre licite, et ce conform\u00e9ment aux exigences de l\u2019article 6 du r\u00e8glement europ\u00e9en 2016\/679, la collecte et le traitement des donn\u00e9es \u00e0 caract\u00e8re personnel ne pourront intervenir que s\u2019ils respectent au moins l\u2019une des conditions ci-apr\u00e8s \u00e9num\u00e9r\u00e9es :<\/p><p>\u00a0<\/p><p>l\u2019utilisateur a express\u00e9ment consenti au traitement ;<br \/>le traitement est n\u00e9cessaire \u00e0 la bonne ex\u00e9cution d\u2019un contrat ;<br \/>le traitement r\u00e9pond \u00e0 une obligation l\u00e9gale ;<br \/>le traitement s\u2019explique par une n\u00e9cessit\u00e9 li\u00e9e \u00e0 la sauvegarde des int\u00e9r\u00eats vitaux de la personne concern\u00e9e ou d\u2019une autre personne physique ;<br \/>le traitement peut s\u2019expliquer par une n\u00e9cessit\u00e9 li\u00e9e \u00e0 l\u2019ex\u00e9cution d\u2019une mission d\u2019int\u00e9r\u00eat public ou qui rel\u00e8ve de l\u2019exercice de l\u2019autorit\u00e9 publique ;<br \/>le traitement et la collecte des donn\u00e9es \u00e0 caract\u00e8re personnel sont n\u00e9cessaires aux fins des int\u00e9r\u00eats l\u00e9gitimes et priv\u00e9s poursuivis par le responsable du traitement ou par un tiers.<\/p><p>\u00a0<\/p><p>Les donn\u00e9es \u00e0 caract\u00e8re personnel collect\u00e9es sur le site de l\u2019AVA sont les suivantes :<\/p><p>\u00a0<\/p><p>nom ;<br \/>pr\u00e9nom;<br \/>num\u00e9ro de t\u00e9l\u00e9phone;<br \/>adresse mail.<\/p><p><br \/>Ces donn\u00e9es sont collect\u00e9es lorsque l\u2019Utilisateur effectue une demande de contact via le formulaire de contact.<\/p><p>\u00a0<\/p><p>Le responsable du traitement conservera dans ses syst\u00e8mes informatiques et dans des conditions raisonnables de s\u00e9curit\u00e9 l\u2019ensemble des donn\u00e9es collect\u00e9es pour une dur\u00e9e de 1 an.<\/p><p>\u00a0<\/p><p>La collecte et le traitement des donn\u00e9es r\u00e9pondent aux besoins n\u00e9cessaires pour \u00e9tablir un contact avec l\u2019Utilisateur ayant souhait\u00e9 effectuer sa demande par le biais du formulaire de contact.<\/p><p>\u00a0<\/p><h5>3 \u2013 DONN\u00c9ES PERSONNELLES DES PERSONNES MINEURES<\/h5><p><br \/>Conform\u00e9ment aux dispositions de l\u2019article 8 du r\u00e8glement europ\u00e9en 2016\/679 et \u00e0 la loi Informatique et Libert\u00e9s, seuls les mineurs \u00e2g\u00e9s de 15 ans ou plus peuvent consentir au traitement de leurs donn\u00e9es personnelles.<\/p><p>\u00a0<\/p><p>Si l\u2019Utilisateur est un mineur de moins de 15 ans, l\u2019accord d\u2019un repr\u00e9sentant l\u00e9gal sera requis afin que les donn\u00e9es \u00e0 caract\u00e8re personnel puissent \u00eatre collect\u00e9es et trait\u00e9es.<\/p><p>\u00a0<\/p><h5>4 \u2013 DROITS DE L\u2019UTILISATEUR ET PROC\u00c9DURES DE MISE EN OEUVRE DES DROITS DE L\u2019UTILISATEUR<\/h5><p><br \/>Conform\u00e9ment \u00e0 la r\u00e9glementation concernant le traitement des donn\u00e9es \u00e0 caract\u00e8re personnel, l\u2019Utilisateur poss\u00e8de les droits ci-apr\u00e8s \u00e9num\u00e9r\u00e9s.<\/p><p>\u00a0<\/p><p>Afin que le responsable du traitement des donn\u00e9es fasse droit \u00e0 se demande, l\u2019Utilisateur est tenu de lui communiquer : ses pr\u00e9nom et nom ainsi que son adresse e-mail.<\/p><p>\u00a0<\/p><p>Le responsable du traitement des donn\u00e9es est tenu de r\u00e9pondre \u00e0 l\u2019Utilisateur dans un d\u00e9lai de 30 jours maximum.<\/p><p>\u00a0<\/p><h5>4.1 \u2013 DROIT D\u2019ACC\u00c8S, DE RECTIFICATION ET \u00c0 L\u2019OUBLI<\/h5><p><br \/>L\u2019Utilisateur peut prendre connaissance, mettre \u00e0 jour, modifier ou demander la suppression des donn\u00e9es le concernant sur simple demande \u00e0 l\u2019adresse e-mail suivante : contact@ava-tourcoing.eu.<\/p><p>\u00a0<\/p><h5>4.2 \u2013 DROIT \u00c0 LA LIMITATION ET \u00c0 L\u2019OPPOSITION DU TRAITEMENT DES DONN\u00c9ES<\/h5><p><br \/>Enfin, l\u2019Utilisateur \u00e0 le droit de demander la limitation ou de s\u2019opposer au traitement de ses donn\u00e9es par le Site, sans que le Site ne puisse refuser, sauf \u00e0 d\u00e9montrer l\u2019existence de motifs l\u00e9gitimes et imp\u00e9rieux, pouvant pr\u00e9valoir sur les int\u00e9r\u00eats et les droits et libert\u00e9s de l\u2019Utilisateur.<\/p><p>\u00a0<\/p><h5>4.3 \u2013 DROIT DE SAISIR L\u2019AUTORIT\u00c9 DE CONTR\u00d4LE COMP\u00c9TENTE<\/h5><p><br \/>Dans le cas o\u00f9 le responsable de traitement des donn\u00e9es d\u00e9cide de ne pas r\u00e9pondre \u00e0 la demande de l\u2019Utilisateur, et que l\u2019Utilisateur souhaite contester cette d\u00e9cision, il est en droit de saisir la CNIL (Commission Nationale de l\u2019Informatique et des Libert\u00e9s) ou tout juge comp\u00e9tent.<\/p><p>\u00a0<\/p><h5>5 \u2013 OBLIGATIONS DU RESPONSABLE DU TRAITEMENT DES DONN\u00c9ES<\/h5><p><br \/>Le responsable du traitement s\u2019engage \u00e0 prot\u00e9ger les donn\u00e9es \u00e0 caract\u00e8re personnel collect\u00e9es, \u00e0 ne pas les transmettre \u00e0 des tiers sans que l\u2019Utilisateur n\u2019en ait \u00e9t\u00e9 inform\u00e9 et \u00e0 respecter les finalit\u00e9s pour lesquelles ces donn\u00e9es ont \u00e9t\u00e9 collect\u00e9es.<\/p><p>\u00a0<\/p><p>Dans le cas o\u00f9 l\u2019int\u00e9grit\u00e9, la confidentialit\u00e9 ou la s\u00e9curit\u00e9 des donn\u00e9es \u00e0 caract\u00e8re personnel de l\u2019Utilisateur est compromise, le responsable du traitement s\u2019engage \u00e0 en informer l\u2019Utilisateur par tout moyen.<\/p>\t\t\t\t\t\t\t\t<\/div>\n\t\t\t\t<\/div>\n\t\t\t\t\t<\/div>\n\t\t<\/div>\n\t\t\t\t<div class=\"elementor-column elementor-col-33 elementor-top-column elementor-element elementor-element-9f858c3\" data-id=\"9f858c3\" data-element_type=\"column\">\n\t\t\t<div class=\"elementor-widget-wrap elementor-element-populated\">\n\t\t\t\t\t\t<div class=\"elementor-element elementor-element-a20d892 elementor-widget elementor-widget-heading\" data-id=\"a20d892\" data-element_type=\"widget\" data-widget_type=\"heading.default\">\n\t\t\t\t<div class=\"elementor-widget-container\">\n\t\t\t\t\t<h4 class=\"elementor-heading-title elementor-size-default\">INFORMATIONS<\/h4>\t\t\t\t<\/div>\n\t\t\t\t<\/div>\n\t\t\t\t<div class=\"elementor-element elementor-element-889d076 elementor-widget-divider--view-line elementor-widget elementor-widget-divider\" data-id=\"889d076\" data-element_type=\"widget\" data-widget_type=\"divider.default\">\n\t\t\t\t<div class=\"elementor-widget-container\">\n\t\t\t\t\t\t\t<div class=\"elementor-divider\">\n\t\t\t<span class=\"elementor-divider-separator\">\n\t\t\t\t\t\t<\/span>\n\t\t<\/div>\n\t\t\t\t\t\t<\/div>\n\t\t\t\t<\/div>\n\t\t\t\t<div class=\"elementor-element elementor-element-c58769d elementor-view-framed elementor-position-left elementor-shape-circle elementor-mobile-position-top elementor-widget elementor-widget-icon-box\" data-id=\"c58769d\" data-element_type=\"widget\" data-widget_type=\"icon-box.default\">\n\t\t\t\t<div class=\"elementor-widget-container\">\n\t\t\t\t\t\t\t<div class=\"elementor-icon-box-wrapper\">\n\n\t\t\t\t\t\t<div class=\"elementor-icon-box-icon\">\n\t\t\t\t<span  class=\"elementor-icon\">\n\t\t\t\t<i aria-hidden=\"true\" class=\"fas fa-home\"><\/i>\t\t\t\t<\/span>\n\t\t\t<\/div>\n\t\t\t\n\t\t\t\t\t\t<div class=\"elementor-icon-box-content\">\n\n\t\t\t\t\n\t\t\t\t\t\t\t\t\t<p class=\"elementor-icon-box-description\">\n\t\t\t\t\t\t23 Boulevard Constantin Descat\n\n59200 Tourcoing\t\t\t\t\t<\/p>\n\t\t\t\t\n\t\t\t<\/div>\n\t\t\t\n\t\t<\/div>\n\t\t\t\t\t\t<\/div>\n\t\t\t\t<\/div>\n\t\t\t\t<div class=\"elementor-element elementor-element-eb5f094 elementor-view-framed elementor-position-left elementor-shape-circle elementor-mobile-position-top elementor-widget elementor-widget-icon-box\" data-id=\"eb5f094\" data-element_type=\"widget\" data-widget_type=\"icon-box.default\">\n\t\t\t\t<div class=\"elementor-widget-container\">\n\t\t\t\t\t\t\t<div class=\"elementor-icon-box-wrapper\">\n\n\t\t\t\t\t\t<div class=\"elementor-icon-box-icon\">\n\t\t\t\t<span  class=\"elementor-icon\">\n\t\t\t\t<i aria-hidden=\"true\" class=\"fas fa-phone-alt\"><\/i>\t\t\t\t<\/span>\n\t\t\t<\/div>\n\t\t\t\n\t\t\t\t\t\t<div class=\"elementor-icon-box-content\">\n\n\t\t\t\t\n\t\t\t\t\t\t\t\t\t<p class=\"elementor-icon-box-description\">\n\t\t\t\t\t\t03 59 00 37 15\t\t\t\t\t<\/p>\n\t\t\t\t\n\t\t\t<\/div>\n\t\t\t\n\t\t<\/div>\n\t\t\t\t\t\t<\/div>\n\t\t\t\t<\/div>\n\t\t\t\t<div class=\"elementor-element elementor-element-09cc544 elementor-view-framed elementor-position-left elementor-shape-circle elementor-mobile-position-top elementor-widget elementor-widget-icon-box\" data-id=\"09cc544\" data-element_type=\"widget\" data-widget_type=\"icon-box.default\">\n\t\t\t\t<div class=\"elementor-widget-container\">\n\t\t\t\t\t\t\t<div class=\"elementor-icon-box-wrapper\">\n\n\t\t\t\t\t\t<div class=\"elementor-icon-box-icon\">\n\t\t\t\t<span  class=\"elementor-icon\">\n\t\t\t\t<i aria-hidden=\"true\" class=\"fas fa-envelope\"><\/i>\t\t\t\t<\/span>\n\t\t\t<\/div>\n\t\t\t\n\t\t\t\t\t\t<div class=\"elementor-icon-box-content\">\n\n\t\t\t\t\n\t\t\t\t\t\t\t\t\t<p class=\"elementor-icon-box-description\">\n\t\t\t\t\t\tcontact@ava-tourcoing.eu\n\t\t\t\t\t<\/p>\n\t\t\t\t\n\t\t\t<\/div>\n\t\t\t\n\t\t<\/div>\n\t\t\t\t\t\t<\/div>\n\t\t\t\t<\/div>\n\t\t\t\t<div class=\"elementor-element elementor-element-cd79165 elementor-widget elementor-widget-image\" data-id=\"cd79165\" data-element_type=\"widget\" data-widget_type=\"image.default\">\n\t\t\t\t<div class=\"elementor-widget-container\">\n\t\t\t\t\t\t\t\t\t\t\t\t\t\t\t<img fetchpriority=\"high\" decoding=\"async\" width=\"750\" height=\"750\" src=\"https:\/\/ava-tourcoing.eu\/wp-content\/uploads\/2022\/02\/Logo-BP-1024x1024-1-1024x1024.png\" class=\"attachment-large size-large wp-image-733\" alt=\"\" srcset=\"https:\/\/ava-tourcoing.eu\/wp-content\/uploads\/2022\/02\/Logo-BP-1024x1024-1.png 1024w, https:\/\/ava-tourcoing.eu\/wp-content\/uploads\/2022\/02\/Logo-BP-1024x1024-1-300x300.png 300w, https:\/\/ava-tourcoing.eu\/wp-content\/uploads\/2022\/02\/Logo-BP-1024x1024-1-150x150.png 150w, https:\/\/ava-tourcoing.eu\/wp-content\/uploads\/2022\/02\/Logo-BP-1024x1024-1-768x768.png 768w\" sizes=\"(max-width: 750px) 100vw, 750px\" style=\"width:100%;height:100%;max-width:1024px\" \/>\t\t\t\t\t\t\t\t\t\t\t\t\t\t\t<\/div>\n\t\t\t\t<\/div>\n\t\t\t\t<div class=\"elementor-element elementor-element-5561452 elementor-nav-menu__align-center elementor-nav-menu--dropdown-tablet elementor-nav-menu__text-align-aside elementor-nav-menu--toggle elementor-nav-menu--burger elementor-widget elementor-widget-nav-menu\" data-id=\"5561452\" data-element_type=\"widget\" data-settings=\"{&quot;layout&quot;:&quot;horizontal&quot;,&quot;submenu_icon&quot;:{&quot;value&quot;:&quot;&lt;i class=\\&quot;fas fa-caret-down\\&quot;&gt;&lt;\\\/i&gt;&quot;,&quot;library&quot;:&quot;fa-solid&quot;},&quot;toggle&quot;:&quot;burger&quot;}\" data-widget_type=\"nav-menu.default\">\n\t\t\t\t<div class=\"elementor-widget-container\">\n\t\t\t\t\t\t\t\t<nav aria-label=\"Menu\" class=\"elementor-nav-menu--main elementor-nav-menu__container elementor-nav-menu--layout-horizontal e--pointer-underline e--animation-fade\">\n\t\t\t\t<ul id=\"menu-1-5561452\" class=\"elementor-nav-menu\"><li class=\"menu-item menu-item-type-post_type menu-item-object-page menu-item-616\"><a href=\"https:\/\/ava-tourcoing.eu\/index.php\/mentions-legales\/\" class=\"elementor-item\">Mentions l\u00e9gales<\/a><\/li>\n<li class=\"menu-item menu-item-type-post_type menu-item-object-page menu-item-617\"><a href=\"https:\/\/ava-tourcoing.eu\/index.php\/politiques-de-confidentialite\/\" class=\"elementor-item\">Politiques de confidentialit\u00e9<\/a><\/li>\n<\/ul>\t\t\t<\/nav>\n\t\t\t\t\t<div class=\"elementor-menu-toggle\" role=\"button\" tabindex=\"0\" aria-label=\"Permuter le menu\" aria-expanded=\"false\">\n\t\t\t<i aria-hidden=\"true\" role=\"presentation\" class=\"elementor-menu-toggle__icon--open eicon-menu-bar\"><\/i><i aria-hidden=\"true\" role=\"presentation\" class=\"elementor-menu-toggle__icon--close eicon-close\"><\/i>\t\t<\/div>\n\t\t\t\t\t<nav class=\"elementor-nav-menu--dropdown elementor-nav-menu__container\" aria-hidden=\"true\">\n\t\t\t\t<ul id=\"menu-2-5561452\" class=\"elementor-nav-menu\"><li class=\"menu-item menu-item-type-post_type menu-item-object-page menu-item-616\"><a href=\"https:\/\/ava-tourcoing.eu\/index.php\/mentions-legales\/\" class=\"elementor-item\" tabindex=\"-1\">Mentions l\u00e9gales<\/a><\/li>\n<li class=\"menu-item menu-item-type-post_type menu-item-object-page menu-item-617\"><a href=\"https:\/\/ava-tourcoing.eu\/index.php\/politiques-de-confidentialite\/\" class=\"elementor-item\" tabindex=\"-1\">Politiques de confidentialit\u00e9<\/a><\/li>\n<\/ul>\t\t\t<\/nav>\n\t\t\t\t\t\t<\/div>\n\t\t\t\t<\/div>\n\t\t\t\t\t<\/div>\n\t\t<\/div>\n\t\t\t\t\t<\/div>\n\t\t<\/section>\n\t\t\t\t<\/div>\n\t\t","protected":false},"excerpt":{"rendered":"<p>POLITIQUE DE CONFIDENTIALIT\u00c9 \u00a0\u00a01 \u2013 D\u00c9FINITIONS Le Site : fait r\u00e9f\u00e9rence au site internet de l\u2019AVA, accessible \u00e0 l\u2019adresse suivante : https:\/\/ava-tourcoing.eu\/. L\u2019Utilisateur : fait r\u00e9f\u00e9rence au visiteur du site internet de l\u2019AVA. \u00a0 2 \u2013 DONN\u00c9ES COLLECT\u00c9ES ET TRAIT\u00c9ES Conform\u00e9ment aux dispositions de l\u2019article 5 du R\u00e8glement Europ\u00e9en 2016\/679, la collecte et le traitement&hellip; <a class=\"more-link\" href=\"https:\/\/ava-tourcoing.eu\/index.php\/politiques-de-confidentialite\/\">Poursuivre la lecture <span class=\"screen-reader-text\">Politiques de confidentialit\u00e9<\/span><\/a><\/p>\n","protected":false},"author":2,"featured_media":0,"parent":0,"menu_order":0,"comment_status":"closed","ping_status":"closed","template":"elementor_header_footer","meta":{"footnotes":""},"class_list":["post-596","page","type-page","status-publish","hentry","entry"],"_links":{"self":[{"href":"https:\/\/ava-tourcoing.eu\/index.php\/wp-json\/wp\/v2\/pages\/596","targetHints":{"allow":["GET"]}}],"collection":[{"href":"https:\/\/ava-tourcoing.eu\/index.php\/wp-json\/wp\/v2\/pages"}],"about":[{"href":"https:\/\/ava-tourcoing.eu\/index.php\/wp-json\/wp\/v2\/types\/page"}],"author":[{"embeddable":true,"href":"https:\/\/ava-tourcoing.eu\/index.php\/wp-json\/wp\/v2\/users\/2"}],"replies":[{"embeddable":true,"href":"https:\/\/ava-tourcoing.eu\/index.php\/wp-json\/wp\/v2\/comments?post=596"}],"version-history":[{"count":10,"href":"https:\/\/ava-tourcoing.eu\/index.php\/wp-json\/wp\/v2\/pages\/596\/revisions"}],"predecessor-version":[{"id":751,"href":"https:\/\/ava-tourcoing.eu\/index.php\/wp-json\/wp\/v2\/pages\/596\/revisions\/751"}],"wp:attachment":[{"href":"https:\/\/ava-tourcoing.eu\/index.php\/wp-json\/wp\/v2\/media?parent=596"}],"curies":[{"name":"wp","href":"https:\/\/api.w.org\/{rel}","templated":true}]}}